{"id":1182,"date":"2019-06-04T10:28:54","date_gmt":"2019-06-04T13:28:54","guid":{"rendered":"https:\/\/www.cmhmedicinahospitalar.com.br\/novo\/?page_id=1182"},"modified":"2022-03-11T11:32:01","modified_gmt":"2022-03-11T14:32:01","slug":"curriculo-emerson-fidelis","status":"publish","type":"page","link":"https:\/\/cmhmedicinahospitalar.com.br\/novo\/curriculo-emerson-fidelis\/","title":{"rendered":"Curr\u00edculo &#8211; Emerson Fidelis"},"content":{"rendered":"\t\t<div data-elementor-type=\"wp-post\" data-elementor-id=\"1182\" class=\"elementor elementor-1182\" data-elementor-post-type=\"page\">\n\t\t\t\t\t\t<section class=\"elementor-section elementor-top-section elementor-element elementor-element-14ecdc7 elementor-section-boxed elementor-section-height-default elementor-section-height-default\" data-id=\"14ecdc7\" data-element_type=\"section\" data-e-type=\"section\" data-settings=\"{&quot;background_background&quot;:&quot;classic&quot;}\">\n\t\t\t\t\t\t\t<div class=\"elementor-background-overlay\"><\/div>\n\t\t\t\t\t\t\t<div class=\"elementor-container elementor-column-gap-default\">\n\t\t\t\t\t<div class=\"elementor-column elementor-col-100 elementor-top-column elementor-element elementor-element-5ff5c7d\" data-id=\"5ff5c7d\" data-element_type=\"column\" data-e-type=\"column\">\n\t\t\t<div class=\"elementor-widget-wrap elementor-element-populated\">\n\t\t\t\t\t\t<section class=\"elementor-section elementor-inner-section elementor-element elementor-element-43f85c5 elementor-section-boxed elementor-section-height-default elementor-section-height-default\" data-id=\"43f85c5\" data-element_type=\"section\" data-e-type=\"section\">\n\t\t\t\t\t\t<div class=\"elementor-container elementor-column-gap-default\">\n\t\t\t\t\t<div class=\"elementor-column elementor-col-100 elementor-inner-column elementor-element elementor-element-89ee9da\" data-id=\"89ee9da\" data-element_type=\"column\" data-e-type=\"column\" data-settings=\"{&quot;background_background&quot;:&quot;classic&quot;}\">\n\t\t\t<div class=\"elementor-widget-wrap elementor-element-populated\">\n\t\t\t\t\t\t<div class=\"elementor-element elementor-element-7cdfdc40 elementor-position-left elementor-vertical-align-middle elementor-widget elementor-widget-image-box\" data-id=\"7cdfdc40\" data-element_type=\"widget\" data-e-type=\"widget\" data-widget_type=\"image-box.default\">\n\t\t\t\t\t<div class=\"elementor-image-box-wrapper\"><figure class=\"elementor-image-box-img\"><img fetchpriority=\"high\" decoding=\"async\" width=\"1024\" height=\"1024\" src=\"https:\/\/cmhmedicinahospitalar.com.br\/novo\/wp-content\/uploads\/2019\/05\/Emerson.png\" class=\"attachment-full size-full wp-image-922\" alt=\"\" srcset=\"https:\/\/cmhmedicinahospitalar.com.br\/novo\/wp-content\/uploads\/2019\/05\/Emerson.png 1024w, https:\/\/cmhmedicinahospitalar.com.br\/novo\/wp-content\/uploads\/2019\/05\/Emerson-150x150.png 150w, https:\/\/cmhmedicinahospitalar.com.br\/novo\/wp-content\/uploads\/2019\/05\/Emerson-300x300.png 300w, https:\/\/cmhmedicinahospitalar.com.br\/novo\/wp-content\/uploads\/2019\/05\/Emerson-768x768.png 768w, https:\/\/cmhmedicinahospitalar.com.br\/novo\/wp-content\/uploads\/2019\/05\/Emerson-720x720.png 720w, https:\/\/cmhmedicinahospitalar.com.br\/novo\/wp-content\/uploads\/2019\/05\/Emerson-360x360.png 360w\" sizes=\"(max-width: 1024px) 100vw, 1024px\" \/><\/figure><div class=\"elementor-image-box-content\"><h3 class=\"elementor-image-box-title\">Dr. Emerson Fidelis<\/h3><p class=\"elementor-image-box-description\">Formado em Medicina pela Universidade Federal de Minas Gerais, em Fisioterapia pela Faculdade\nde Ci\u00eancias M\u00e9dicas de Minas Gerais, fez resid\u00eancia em Ortopedia e Traumatologia no Hospital\ndas Clinicas. Concluiu o curso Estudos em Psicossom\u00e1tica; Diretor do Centro M\u00e9dico Hospitalar\nIntegrado- CMHI. \u00c9 ortopedista e tem uma trajet\u00f3ria de mais de 30 anos\ncomo m\u00e9dico e gestor na sa\u00fade. Foi diretor e presidente do Hospital Semper, Unimed, Amil e\nCMH. \u00c9 membro da Academia Mineira de Medicina desde 2009.<\/p><\/div><\/div>\t\t\t\t<\/div>\n\t\t\t\t<div class=\"elementor-element elementor-element-c493dbe elementor-widget elementor-widget-heading\" data-id=\"c493dbe\" data-element_type=\"widget\" data-e-type=\"widget\" data-widget_type=\"heading.default\">\n\t\t\t\t\t<h2 class=\"elementor-heading-title elementor-size-large\">CRM: 13397\n<\/h2>\t\t\t\t<\/div>\n\t\t\t\t\t<\/div>\n\t\t<\/div>\n\t\t\t\t\t<\/div>\n\t\t<\/section>\n\t\t\t\t\t<\/div>\n\t\t<\/div>\n\t\t\t\t\t<\/div>\n\t\t<\/section>\n\t\t\t\t<section class=\"elementor-section elementor-top-section elementor-element elementor-element-12d127b1 elementor-section-full_width elementor-section-height-default elementor-section-height-default\" data-id=\"12d127b1\" data-element_type=\"section\" data-e-type=\"section\" data-settings=\"{&quot;background_background&quot;:&quot;classic&quot;}\">\n\t\t\t\t\t\t<div class=\"elementor-container elementor-column-gap-default\">\n\t\t\t\t\t<div class=\"elementor-column elementor-col-50 elementor-top-column elementor-element elementor-element-327c71df\" data-id=\"327c71df\" data-element_type=\"column\" data-e-type=\"column\">\n\t\t\t<div class=\"elementor-widget-wrap elementor-element-populated\">\n\t\t\t\t\t\t<div class=\"elementor-element elementor-element-2b005cff elementor-widget elementor-widget-image\" data-id=\"2b005cff\" data-element_type=\"widget\" data-e-type=\"widget\" data-widget_type=\"image.default\">\n\t\t\t\t\t\t\t\t\t\t\t\t\t\t\t<img decoding=\"async\" src=\"https:\/\/cmhmedicinahospitalar.com.br\/novo\/wp-content\/uploads\/2021\/12\/Ativo-1.png\" title=\"Ativo 1\" alt=\"Ativo 1\" loading=\"lazy\" \/>\t\t\t\t\t\t\t\t\t\t\t\t\t\t\t<\/div>\n\t\t\t\t\t<\/div>\n\t\t<\/div>\n\t\t\t\t<div class=\"elementor-column elementor-col-50 elementor-top-column elementor-element elementor-element-1deedea3\" data-id=\"1deedea3\" data-element_type=\"column\" data-e-type=\"column\">\n\t\t\t<div class=\"elementor-widget-wrap elementor-element-populated\">\n\t\t\t\t\t\t<div class=\"elementor-element elementor-element-444e90d0 elementor-widget elementor-widget-heading\" data-id=\"444e90d0\" data-element_type=\"widget\" data-e-type=\"widget\" data-widget_type=\"heading.default\">\n\t\t\t\t\t<h2 class=\"elementor-heading-title elementor-size-medium\">D\u00favidas? Entre em contato!<\/h2>\t\t\t\t<\/div>\n\t\t\t\t<div class=\"elementor-element elementor-element-2f8ea387 elementor-align-center elementor-widget elementor-widget-button\" data-id=\"2f8ea387\" data-element_type=\"widget\" data-e-type=\"widget\" data-widget_type=\"button.default\">\n\t\t\t\t\t\t\t\t\t\t<a class=\"elementor-button elementor-button-link elementor-size-lg elementor-animation-push\" href=\"https:\/\/www.cmhmedicinahospitalar.com.br\/novo\/contato\/\" target=\"_blank\">\n\t\t\t\t\t\t<span class=\"elementor-button-content-wrapper\">\n\t\t\t\t\t\t\t\t\t<span class=\"elementor-button-text\">Clique aqui<\/span>\n\t\t\t\t\t<\/span>\n\t\t\t\t\t<\/a>\n\t\t\t\t\t\t\t\t<\/div>\n\t\t\t\t\t<\/div>\n\t\t<\/div>\n\t\t\t\t\t<\/div>\n\t\t<\/section>\n\t\t\t\t<\/div>\n\t\t","protected":false},"excerpt":{"rendered":"<p>Dr. Emerson Fidelis Formado em Medicina pela Universidade Federal de Minas Gerais, em Fisioterapia pela Faculdade de Ci\u00eancias M\u00e9dicas de Minas Gerais, fez resid\u00eancia em Ortopedia e Traumatologia no Hospital das Clinicas. Concluiu o curso Estudos em Psicossom\u00e1tica; Diretor do Centro M\u00e9dico Hospitalar Integrado- CMHI. \u00c9 ortopedista e tem uma trajet\u00f3ria de mais de 30 [&hellip;]<\/p>\n","protected":false},"author":4,"featured_media":0,"parent":0,"menu_order":0,"comment_status":"closed","ping_status":"closed","template":"page-templates\/template_page-builder.php","meta":{"footnotes":""},"class_list":["post-1182","page","type-page","status-publish","hentry"],"_links":{"self":[{"href":"https:\/\/cmhmedicinahospitalar.com.br\/novo\/wp-json\/wp\/v2\/pages\/1182","targetHints":{"allow":["GET"]}}],"collection":[{"href":"https:\/\/cmhmedicinahospitalar.com.br\/novo\/wp-json\/wp\/v2\/pages"}],"about":[{"href":"https:\/\/cmhmedicinahospitalar.com.br\/novo\/wp-json\/wp\/v2\/types\/page"}],"author":[{"embeddable":true,"href":"https:\/\/cmhmedicinahospitalar.com.br\/novo\/wp-json\/wp\/v2\/users\/4"}],"replies":[{"embeddable":true,"href":"https:\/\/cmhmedicinahospitalar.com.br\/novo\/wp-json\/wp\/v2\/comments?post=1182"}],"version-history":[{"count":8,"href":"https:\/\/cmhmedicinahospitalar.com.br\/novo\/wp-json\/wp\/v2\/pages\/1182\/revisions"}],"predecessor-version":[{"id":3411,"href":"https:\/\/cmhmedicinahospitalar.com.br\/novo\/wp-json\/wp\/v2\/pages\/1182\/revisions\/3411"}],"wp:attachment":[{"href":"https:\/\/cmhmedicinahospitalar.com.br\/novo\/wp-json\/wp\/v2\/media?parent=1182"}],"curies":[{"name":"wp","href":"https:\/\/api.w.org\/{rel}","templated":true}]}}