{"id":1135,"date":"2019-06-03T10:40:04","date_gmt":"2019-06-03T13:40:04","guid":{"rendered":"https:\/\/www.cmhmedicinahospitalar.com.br\/novo\/?page_id=1135"},"modified":"2023-06-21T09:21:56","modified_gmt":"2023-06-21T12:21:56","slug":"convenios-postal-saude","status":"publish","type":"page","link":"https:\/\/cmhmedicinahospitalar.com.br\/novo\/convenios-postal-saude\/","title":{"rendered":"Conv\u00eanios &#8211; POSTAL SA\u00daDE"},"content":{"rendered":"\t\t<div data-elementor-type=\"wp-post\" data-elementor-id=\"1135\" class=\"elementor elementor-1135\" data-elementor-post-type=\"page\">\n\t\t\t\t\t\t<section class=\"elementor-section elementor-top-section elementor-element elementor-element-14ecdc7 elementor-section-boxed elementor-section-height-default elementor-section-height-default\" data-id=\"14ecdc7\" data-element_type=\"section\" data-e-type=\"section\" data-settings=\"{&quot;background_background&quot;:&quot;classic&quot;}\">\n\t\t\t\t\t\t\t<div class=\"elementor-background-overlay\"><\/div>\n\t\t\t\t\t\t\t<div class=\"elementor-container elementor-column-gap-default\">\n\t\t\t\t\t<div class=\"elementor-column elementor-col-100 elementor-top-column elementor-element elementor-element-38ce9a1\" data-id=\"38ce9a1\" data-element_type=\"column\" data-e-type=\"column\">\n\t\t\t<div class=\"elementor-widget-wrap elementor-element-populated\">\n\t\t\t\t\t\t<div class=\"elementor-element elementor-element-fb0c5da elementor-widget elementor-widget-heading\" data-id=\"fb0c5da\" data-element_type=\"widget\" data-e-type=\"widget\" data-widget_type=\"heading.default\">\n\t\t\t\t\t<h1 class=\"elementor-heading-title elementor-size-default\">POSTAL SA\u00daDE<\/h1>\t\t\t\t<\/div>\n\t\t\t\t<div class=\"elementor-element elementor-element-5d362dc elementor-widget-divider--view-line elementor-widget elementor-widget-divider\" data-id=\"5d362dc\" data-element_type=\"widget\" data-e-type=\"widget\" data-widget_type=\"divider.default\">\n\t\t\t\t\t\t\t<div class=\"elementor-divider\">\n\t\t\t<span class=\"elementor-divider-separator\">\n\t\t\t\t\t\t<\/span>\n\t\t<\/div>\n\t\t\t\t\t\t<\/div>\n\t\t\t\t<div class=\"elementor-element elementor-element-86193a8 elementor-widget elementor-widget-text-editor\" data-id=\"86193a8\" data-element_type=\"widget\" data-e-type=\"widget\" data-widget_type=\"text-editor.default\">\n\t\t\t\t\t\t\t\t\t<p>Caixa de Assist\u00eancia e Sa\u00fade dos Empregados dos Correios<\/p>\t\t\t\t\t\t\t\t<\/div>\n\t\t\t\t<div class=\"elementor-element elementor-element-0b87b28 elementor-widget elementor-widget-text-editor\" data-id=\"0b87b28\" data-element_type=\"widget\" data-e-type=\"widget\" data-widget_type=\"text-editor.default\">\n\t\t\t\t\t\t\t\t\t<p>SBN \u2013 QD 01 \u2013 Bloco F \u2013 5\u00ba andar \u2013 Ed. Pal\u00e1cio da Agricultura\u00a0\u2013\u00a0Bras\u00edlia, DF<br \/>Tel. (61) 3214 1555<br \/><span style=\"color: #00afa0;\"><a style=\"color: #00afa0;\" href=\"https:\/\/www.cmhmedicinahospitalar.com.br\/cmh\/convenios\/www.postalsaude.com.br\" target=\"_blank\" rel=\"noopener\">site<\/a><\/span><\/p><h4><span style=\"color: #00afa0;\">Consultas<\/span><\/h4><p>Acupuntura, Angiologia, Cirurgia Vascular, Anestesiologia, Cardiologia, Cirurgia Geral, Cirurgia Pl\u00e1stica, Cirurgia Vascular, Cl\u00ednica da Dor, Dermatologia, Geriatria, Oftalmologia, Ortopedia, Traumatologia, Pediatria, Proctologia e Urologia.<\/p><h4><span style=\"color: #00afa0;\">Cirurgias<\/span><\/h4><p>Anestesiologia, Angiologia, Cirurgia da M\u00e3o, Cirurgia Geral, Cirurgia Pl\u00e1stica, Dermatologia, Oftalmologia, Ortopedia e Traumatologia, Otorrinolaringologia, Proctologia e Urologia.<\/p><p><a href=\"https:\/\/cmhi.centraldemarcacao.com.br\/\"><button>Agende sua consulta online<\/button><\/a><\/p>\t\t\t\t\t\t\t\t<\/div>\n\t\t\t\t\t<\/div>\n\t\t<\/div>\n\t\t\t\t\t<\/div>\n\t\t<\/section>\n\t\t\t\t<section class=\"elementor-section elementor-top-section elementor-element elementor-element-64a0ccf elementor-section-full_width elementor-section-height-default elementor-section-height-default\" data-id=\"64a0ccf\" data-element_type=\"section\" data-e-type=\"section\" data-settings=\"{&quot;background_background&quot;:&quot;classic&quot;}\">\n\t\t\t\t\t\t<div class=\"elementor-container elementor-column-gap-default\">\n\t\t\t\t\t<div class=\"elementor-column elementor-col-50 elementor-top-column elementor-element elementor-element-052f7d2\" data-id=\"052f7d2\" data-element_type=\"column\" data-e-type=\"column\">\n\t\t\t<div class=\"elementor-widget-wrap elementor-element-populated\">\n\t\t\t\t\t\t<div class=\"elementor-element elementor-element-a9ccb59 elementor-widget elementor-widget-image\" data-id=\"a9ccb59\" data-element_type=\"widget\" data-e-type=\"widget\" data-widget_type=\"image.default\">\n\t\t\t\t\t\t\t\t\t\t\t\t\t\t\t<img decoding=\"async\" src=\"https:\/\/cmhmedicinahospitalar.com.br\/novo\/wp-content\/uploads\/2021\/12\/Ativo-1.png\" title=\"Ativo 1\" alt=\"Ativo 1\" loading=\"lazy\" \/>\t\t\t\t\t\t\t\t\t\t\t\t\t\t\t<\/div>\n\t\t\t\t\t<\/div>\n\t\t<\/div>\n\t\t\t\t<div class=\"elementor-column elementor-col-50 elementor-top-column elementor-element elementor-element-9caffe6\" data-id=\"9caffe6\" data-element_type=\"column\" data-e-type=\"column\">\n\t\t\t<div class=\"elementor-widget-wrap elementor-element-populated\">\n\t\t\t\t\t\t<div class=\"elementor-element elementor-element-b15fe30 elementor-widget elementor-widget-heading\" data-id=\"b15fe30\" data-element_type=\"widget\" data-e-type=\"widget\" data-widget_type=\"heading.default\">\n\t\t\t\t\t<h2 class=\"elementor-heading-title elementor-size-medium\">D\u00favidas? Entre em contato!<\/h2>\t\t\t\t<\/div>\n\t\t\t\t<div class=\"elementor-element elementor-element-271c4a1 elementor-align-center elementor-widget elementor-widget-button\" data-id=\"271c4a1\" data-element_type=\"widget\" data-e-type=\"widget\" data-widget_type=\"button.default\">\n\t\t\t\t\t\t\t\t\t\t<a class=\"elementor-button elementor-button-link elementor-size-lg elementor-animation-push\" href=\"https:\/\/www.cmhmedicinahospitalar.com.br\/novo\/contato\/\" target=\"_blank\">\n\t\t\t\t\t\t<span class=\"elementor-button-content-wrapper\">\n\t\t\t\t\t\t\t\t\t<span class=\"elementor-button-text\">Clique aqui<\/span>\n\t\t\t\t\t<\/span>\n\t\t\t\t\t<\/a>\n\t\t\t\t\t\t\t\t<\/div>\n\t\t\t\t\t<\/div>\n\t\t<\/div>\n\t\t\t\t\t<\/div>\n\t\t<\/section>\n\t\t\t\t<\/div>\n\t\t","protected":false},"excerpt":{"rendered":"<p>POSTAL SA\u00daDE Caixa de Assist\u00eancia e Sa\u00fade dos Empregados dos Correios SBN \u2013 QD 01 \u2013 Bloco F \u2013 5\u00ba andar \u2013 Ed. Pal\u00e1cio da Agricultura\u00a0\u2013\u00a0Bras\u00edlia, DFTel. (61) 3214 1555site Consultas Acupuntura, Angiologia, Cirurgia Vascular, Anestesiologia, Cardiologia, Cirurgia Geral, Cirurgia Pl\u00e1stica, Cirurgia Vascular, Cl\u00ednica da Dor, Dermatologia, Geriatria, Oftalmologia, Ortopedia, Traumatologia, Pediatria, Proctologia e Urologia. [&hellip;]<\/p>\n","protected":false},"author":4,"featured_media":0,"parent":0,"menu_order":0,"comment_status":"closed","ping_status":"closed","template":"page-templates\/template_page-builder.php","meta":{"footnotes":""},"class_list":["post-1135","page","type-page","status-publish","hentry"],"_links":{"self":[{"href":"https:\/\/cmhmedicinahospitalar.com.br\/novo\/wp-json\/wp\/v2\/pages\/1135","targetHints":{"allow":["GET"]}}],"collection":[{"href":"https:\/\/cmhmedicinahospitalar.com.br\/novo\/wp-json\/wp\/v2\/pages"}],"about":[{"href":"https:\/\/cmhmedicinahospitalar.com.br\/novo\/wp-json\/wp\/v2\/types\/page"}],"author":[{"embeddable":true,"href":"https:\/\/cmhmedicinahospitalar.com.br\/novo\/wp-json\/wp\/v2\/users\/4"}],"replies":[{"embeddable":true,"href":"https:\/\/cmhmedicinahospitalar.com.br\/novo\/wp-json\/wp\/v2\/comments?post=1135"}],"version-history":[{"count":8,"href":"https:\/\/cmhmedicinahospitalar.com.br\/novo\/wp-json\/wp\/v2\/pages\/1135\/revisions"}],"predecessor-version":[{"id":4064,"href":"https:\/\/cmhmedicinahospitalar.com.br\/novo\/wp-json\/wp\/v2\/pages\/1135\/revisions\/4064"}],"wp:attachment":[{"href":"https:\/\/cmhmedicinahospitalar.com.br\/novo\/wp-json\/wp\/v2\/media?parent=1135"}],"curies":[{"name":"wp","href":"https:\/\/api.w.org\/{rel}","templated":true}]}}