{"id":1092,"date":"2019-06-03T09:54:43","date_gmt":"2019-06-03T12:54:43","guid":{"rendered":"https:\/\/www.cmhmedicinahospitalar.com.br\/novo\/?page_id=1092"},"modified":"2023-06-09T09:25:10","modified_gmt":"2023-06-09T12:25:10","slug":"convenios-fundaffemg","status":"publish","type":"page","link":"https:\/\/cmhmedicinahospitalar.com.br\/novo\/convenios-fundaffemg\/","title":{"rendered":"Conv\u00eanios &#8211; Fundaffemg"},"content":{"rendered":"\t\t<div data-elementor-type=\"wp-post\" data-elementor-id=\"1092\" class=\"elementor elementor-1092\" data-elementor-post-type=\"page\">\n\t\t\t\t\t\t<section class=\"elementor-section elementor-top-section elementor-element elementor-element-14ecdc7 elementor-section-boxed elementor-section-height-default elementor-section-height-default\" data-id=\"14ecdc7\" data-element_type=\"section\" data-e-type=\"section\" data-settings=\"{&quot;background_background&quot;:&quot;classic&quot;}\">\n\t\t\t\t\t\t\t<div class=\"elementor-background-overlay\"><\/div>\n\t\t\t\t\t\t\t<div class=\"elementor-container elementor-column-gap-default\">\n\t\t\t\t\t<div class=\"elementor-column elementor-col-100 elementor-top-column elementor-element elementor-element-38ce9a1\" data-id=\"38ce9a1\" data-element_type=\"column\" data-e-type=\"column\">\n\t\t\t<div class=\"elementor-widget-wrap elementor-element-populated\">\n\t\t\t\t\t\t<div class=\"elementor-element elementor-element-fb0c5da elementor-widget elementor-widget-heading\" data-id=\"fb0c5da\" data-element_type=\"widget\" data-e-type=\"widget\" data-widget_type=\"heading.default\">\n\t\t\t\t\t<h1 class=\"elementor-heading-title elementor-size-default\">FUNDAFFEMG<\/h1>\t\t\t\t<\/div>\n\t\t\t\t<div class=\"elementor-element elementor-element-5d362dc elementor-widget-divider--view-line elementor-widget elementor-widget-divider\" data-id=\"5d362dc\" data-element_type=\"widget\" data-e-type=\"widget\" data-widget_type=\"divider.default\">\n\t\t\t\t\t\t\t<div class=\"elementor-divider\">\n\t\t\t<span class=\"elementor-divider-separator\">\n\t\t\t\t\t\t<\/span>\n\t\t<\/div>\n\t\t\t\t\t\t<\/div>\n\t\t\t\t<div class=\"elementor-element elementor-element-86193a8 elementor-widget elementor-widget-text-editor\" data-id=\"86193a8\" data-element_type=\"widget\" data-e-type=\"widget\" data-widget_type=\"text-editor.default\">\n\t\t\t\t\t\t\t\t\t<p>Funda\u00e7\u00e3o AFFEMG de Assist\u00eancia e Sa\u00fade<\/p>\t\t\t\t\t\t\t\t<\/div>\n\t\t\t\t<div class=\"elementor-element elementor-element-0b87b28 elementor-widget elementor-widget-text-editor\" data-id=\"0b87b28\" data-element_type=\"widget\" data-e-type=\"widget\" data-widget_type=\"text-editor.default\">\n\t\t\t\t\t\t\t\t\t<p>Rua Sergipe, 893 \u2013 Funcion\u00e1rios \u2013 Belo Horizonte, MG<br \/>Tel.\u00a02103 5858<br \/><span style=\"color: #00afa0;\"><a style=\"color: #00afa0;\" href=\"https:\/\/www.cmhmedicinahospitalar.com.br\/cmh\/convenios\/www.fundaffemg.com.br\">www.fundaffemg.com.br<\/a><\/span><\/p><h4><span style=\"color: #00afa0;\">Consultas<\/span><\/h4><p>Acupuntura, Anestesiologia, Angiologia, Cardiologia, Cirurgia Geral, Cirurgia Pl\u00e1stica, Cl\u00ednica da Dor, Dermatologia, Geriatria, Oftalmologia, Ortopedia e Traumatologia, Pediatria, Proctologia, Urologia.<\/p><p><br \/><span style=\"color: #00afa0; font-family: Poppins, Helvetica, Arial, sans-serif; font-size: 1.5rem;\">Cirurgias<\/span> <\/p><p>Anestesiologia, Angiologia, Cirurgia Geral, Cirurgia Pl\u00e1stica, Cl\u00ednica da Dor, Dermatologia, Oftalmologia, Ortopedia e Traumatologia, Proctologia, Urologia. <\/p><p><br \/><a href=\"https:\/\/cmhi.centraldemarcacao.com.br\/\"><button>Agende sua consulta online<\/button><\/a> <br \/><br \/><\/p>\t\t\t\t\t\t\t\t<\/div>\n\t\t\t\t\t<\/div>\n\t\t<\/div>\n\t\t\t\t\t<\/div>\n\t\t<\/section>\n\t\t\t\t<section class=\"elementor-section elementor-top-section elementor-element elementor-element-d01993d elementor-section-full_width elementor-section-height-default elementor-section-height-default\" data-id=\"d01993d\" data-element_type=\"section\" data-e-type=\"section\" data-settings=\"{&quot;background_background&quot;:&quot;classic&quot;}\">\n\t\t\t\t\t\t<div class=\"elementor-container elementor-column-gap-default\">\n\t\t\t\t\t<div class=\"elementor-column elementor-col-50 elementor-top-column elementor-element elementor-element-6f3902e\" data-id=\"6f3902e\" data-element_type=\"column\" data-e-type=\"column\">\n\t\t\t<div class=\"elementor-widget-wrap elementor-element-populated\">\n\t\t\t\t\t\t<div class=\"elementor-element elementor-element-ac108e2 elementor-widget elementor-widget-image\" data-id=\"ac108e2\" data-element_type=\"widget\" data-e-type=\"widget\" data-widget_type=\"image.default\">\n\t\t\t\t\t\t\t\t\t\t\t\t\t\t\t<img decoding=\"async\" src=\"https:\/\/cmhmedicinahospitalar.com.br\/novo\/wp-content\/uploads\/2021\/12\/Ativo-1.png\" title=\"Ativo 1\" alt=\"Ativo 1\" loading=\"lazy\" \/>\t\t\t\t\t\t\t\t\t\t\t\t\t\t\t<\/div>\n\t\t\t\t\t<\/div>\n\t\t<\/div>\n\t\t\t\t<div class=\"elementor-column elementor-col-50 elementor-top-column elementor-element elementor-element-6eb4eb5\" data-id=\"6eb4eb5\" data-element_type=\"column\" data-e-type=\"column\">\n\t\t\t<div class=\"elementor-widget-wrap elementor-element-populated\">\n\t\t\t\t\t\t<div class=\"elementor-element elementor-element-a9b312d elementor-widget elementor-widget-heading\" data-id=\"a9b312d\" data-element_type=\"widget\" data-e-type=\"widget\" data-widget_type=\"heading.default\">\n\t\t\t\t\t<h2 class=\"elementor-heading-title elementor-size-medium\">D\u00favidas? Entre em contato!<\/h2>\t\t\t\t<\/div>\n\t\t\t\t<div class=\"elementor-element elementor-element-09eca19 elementor-align-center elementor-widget elementor-widget-button\" data-id=\"09eca19\" data-element_type=\"widget\" data-e-type=\"widget\" data-widget_type=\"button.default\">\n\t\t\t\t\t\t\t\t\t\t<a class=\"elementor-button elementor-button-link elementor-size-lg elementor-animation-push\" href=\"https:\/\/www.cmhmedicinahospitalar.com.br\/novo\/contato\/\" target=\"_blank\">\n\t\t\t\t\t\t<span class=\"elementor-button-content-wrapper\">\n\t\t\t\t\t\t\t\t\t<span class=\"elementor-button-text\">Clique aqui<\/span>\n\t\t\t\t\t<\/span>\n\t\t\t\t\t<\/a>\n\t\t\t\t\t\t\t\t<\/div>\n\t\t\t\t\t<\/div>\n\t\t<\/div>\n\t\t\t\t\t<\/div>\n\t\t<\/section>\n\t\t\t\t<\/div>\n\t\t","protected":false},"excerpt":{"rendered":"<p>FUNDAFFEMG Funda\u00e7\u00e3o AFFEMG de Assist\u00eancia e Sa\u00fade Rua Sergipe, 893 \u2013 Funcion\u00e1rios \u2013 Belo Horizonte, MGTel.\u00a02103 5858www.fundaffemg.com.br Consultas Acupuntura, Anestesiologia, Angiologia, Cardiologia, Cirurgia Geral, Cirurgia Pl\u00e1stica, Cl\u00ednica da Dor, Dermatologia, Geriatria, Oftalmologia, Ortopedia e Traumatologia, Pediatria, Proctologia, Urologia. Cirurgias Anestesiologia, Angiologia, Cirurgia Geral, Cirurgia Pl\u00e1stica, Cl\u00ednica da Dor, Dermatologia, Oftalmologia, Ortopedia e Traumatologia, Proctologia, Urologia. [&hellip;]<\/p>\n","protected":false},"author":4,"featured_media":0,"parent":0,"menu_order":0,"comment_status":"closed","ping_status":"closed","template":"page-templates\/template_page-builder.php","meta":{"footnotes":""},"class_list":["post-1092","page","type-page","status-publish","hentry"],"_links":{"self":[{"href":"https:\/\/cmhmedicinahospitalar.com.br\/novo\/wp-json\/wp\/v2\/pages\/1092","targetHints":{"allow":["GET"]}}],"collection":[{"href":"https:\/\/cmhmedicinahospitalar.com.br\/novo\/wp-json\/wp\/v2\/pages"}],"about":[{"href":"https:\/\/cmhmedicinahospitalar.com.br\/novo\/wp-json\/wp\/v2\/types\/page"}],"author":[{"embeddable":true,"href":"https:\/\/cmhmedicinahospitalar.com.br\/novo\/wp-json\/wp\/v2\/users\/4"}],"replies":[{"embeddable":true,"href":"https:\/\/cmhmedicinahospitalar.com.br\/novo\/wp-json\/wp\/v2\/comments?post=1092"}],"version-history":[{"count":11,"href":"https:\/\/cmhmedicinahospitalar.com.br\/novo\/wp-json\/wp\/v2\/pages\/1092\/revisions"}],"predecessor-version":[{"id":4038,"href":"https:\/\/cmhmedicinahospitalar.com.br\/novo\/wp-json\/wp\/v2\/pages\/1092\/revisions\/4038"}],"wp:attachment":[{"href":"https:\/\/cmhmedicinahospitalar.com.br\/novo\/wp-json\/wp\/v2\/media?parent=1092"}],"curies":[{"name":"wp","href":"https:\/\/api.w.org\/{rel}","templated":true}]}}