{"id":1083,"date":"2019-06-03T09:50:23","date_gmt":"2019-06-03T12:50:23","guid":{"rendered":"https:\/\/www.cmhmedicinahospitalar.com.br\/novo\/?page_id=1083"},"modified":"2023-05-29T10:58:51","modified_gmt":"2023-05-29T13:58:51","slug":"convenios-embratel","status":"publish","type":"page","link":"https:\/\/cmhmedicinahospitalar.com.br\/novo\/convenios-embratel\/","title":{"rendered":"Conv\u00eanios &#8211; EMBRATEL"},"content":{"rendered":"\t\t<div data-elementor-type=\"wp-post\" data-elementor-id=\"1083\" class=\"elementor elementor-1083\" data-elementor-post-type=\"page\">\n\t\t\t\t\t\t<section class=\"elementor-section elementor-top-section elementor-element elementor-element-14ecdc7 elementor-section-boxed elementor-section-height-default elementor-section-height-default\" data-id=\"14ecdc7\" data-element_type=\"section\" data-e-type=\"section\" data-settings=\"{&quot;background_background&quot;:&quot;classic&quot;}\">\n\t\t\t\t\t\t\t<div class=\"elementor-background-overlay\"><\/div>\n\t\t\t\t\t\t\t<div class=\"elementor-container elementor-column-gap-default\">\n\t\t\t\t\t<div class=\"elementor-column elementor-col-100 elementor-top-column elementor-element elementor-element-38ce9a1\" data-id=\"38ce9a1\" data-element_type=\"column\" data-e-type=\"column\">\n\t\t\t<div class=\"elementor-widget-wrap elementor-element-populated\">\n\t\t\t\t\t\t<div class=\"elementor-element elementor-element-fb0c5da elementor-widget elementor-widget-heading\" data-id=\"fb0c5da\" data-element_type=\"widget\" data-e-type=\"widget\" data-widget_type=\"heading.default\">\n\t\t\t\t\t<h1 class=\"elementor-heading-title elementor-size-default\">AMAP<\/h1>\t\t\t\t<\/div>\n\t\t\t\t<div class=\"elementor-element elementor-element-5d362dc elementor-widget-divider--view-line elementor-widget elementor-widget-divider\" data-id=\"5d362dc\" data-element_type=\"widget\" data-e-type=\"widget\" data-widget_type=\"divider.default\">\n\t\t\t\t\t\t\t<div class=\"elementor-divider\">\n\t\t\t<span class=\"elementor-divider-separator\">\n\t\t\t\t\t\t<\/span>\n\t\t<\/div>\n\t\t\t\t\t\t<\/div>\n\t\t\t\t<div class=\"elementor-element elementor-element-86193a8 elementor-widget elementor-widget-text-editor\" data-id=\"86193a8\" data-element_type=\"widget\" data-e-type=\"widget\" data-widget_type=\"text-editor.default\">\n\t\t\t\t\t\t\t\t\t<p>Empresa Brasileira de Telecomunica\u00e7\u00e3o\u00a0<\/p>\t\t\t\t\t\t\t\t<\/div>\n\t\t\t\t<div class=\"elementor-element elementor-element-0b87b28 elementor-widget elementor-widget-text-editor\" data-id=\"0b87b28\" data-element_type=\"widget\" data-e-type=\"widget\" data-widget_type=\"text-editor.default\">\n\t\t\t\t\t\t\t\t\t<p>Rua Esp\u00edrito Santo, 1000 \u2013 Centro, Belo Horizonte, MG<br>\nTel.&nbsp;2121 3226<br><span style=\"color: #00afa0;\"><a style=\"color: #00afa0;\" href=\"https:\/\/www.pame.com.br\/\">www.pame.com.br<\/a><\/span> <br><br> <\/p>\n<h4><span style=\"color: #00afa0;\">Consultas<\/span><\/h4>\n<p>Acupuntura, Angiologia, Cirurgia Vascular, Anestesiologia, Cardiologia, Cirurgia Geral, Cirurgia Pl\u00e1stica, Cirurgia Vascular, Cl\u00ednica da Dor, Dermatologia, Geriatria, Oftalmologia, Ortopedia, Traumatologia, Pediatria, Proctologia e Urologia. <br><br><\/p>\n<h4><span style=\"color: #00afa0;\">Cirurgias<\/span><\/h4>\n<p>Anestesiologia, Angiologia, Cirurgia da M\u00e3o, Cirurgia Geral, Cirurgia Pl\u00e1stica, Cirurgia Vascular, Cl\u00ednica da Dor, Dermatologia, Oftalmologia, Ortopedia, Otorrinolaringologia<br>\nProctologia, Traumatologia, Urologia.<br><\/p>\n<p><br> <a href=\"https:\/\/cmhi.centraldemarcacao.com.br\/\"><button>Agende sua consulta online<\/button><\/a> <br><br><\/p>\t\t\t\t\t\t\t\t<\/div>\n\t\t\t\t\t<\/div>\n\t\t<\/div>\n\t\t\t\t\t<\/div>\n\t\t<\/section>\n\t\t\t\t<section class=\"elementor-section elementor-top-section elementor-element elementor-element-714d693 elementor-section-full_width elementor-section-height-default elementor-section-height-default\" data-id=\"714d693\" data-element_type=\"section\" data-e-type=\"section\" data-settings=\"{&quot;background_background&quot;:&quot;classic&quot;}\">\n\t\t\t\t\t\t<div class=\"elementor-container elementor-column-gap-default\">\n\t\t\t\t\t<div class=\"elementor-column elementor-col-50 elementor-top-column elementor-element elementor-element-63c30a2\" data-id=\"63c30a2\" data-element_type=\"column\" data-e-type=\"column\">\n\t\t\t<div class=\"elementor-widget-wrap elementor-element-populated\">\n\t\t\t\t\t\t<div class=\"elementor-element elementor-element-b4f8c94 elementor-widget elementor-widget-image\" data-id=\"b4f8c94\" data-element_type=\"widget\" data-e-type=\"widget\" data-widget_type=\"image.default\">\n\t\t\t\t\t\t\t\t\t\t\t\t\t\t\t<img decoding=\"async\" src=\"https:\/\/cmhmedicinahospitalar.com.br\/novo\/wp-content\/uploads\/2021\/12\/Ativo-1.png\" title=\"Ativo 1\" alt=\"Ativo 1\" loading=\"lazy\" \/>\t\t\t\t\t\t\t\t\t\t\t\t\t\t\t<\/div>\n\t\t\t\t\t<\/div>\n\t\t<\/div>\n\t\t\t\t<div class=\"elementor-column elementor-col-50 elementor-top-column elementor-element elementor-element-8733c0a\" data-id=\"8733c0a\" data-element_type=\"column\" data-e-type=\"column\">\n\t\t\t<div class=\"elementor-widget-wrap elementor-element-populated\">\n\t\t\t\t\t\t<div class=\"elementor-element elementor-element-87b2e96 elementor-widget elementor-widget-heading\" data-id=\"87b2e96\" data-element_type=\"widget\" data-e-type=\"widget\" data-widget_type=\"heading.default\">\n\t\t\t\t\t<h2 class=\"elementor-heading-title elementor-size-medium\">D\u00favidas? Entre em contato!<\/h2>\t\t\t\t<\/div>\n\t\t\t\t<div class=\"elementor-element elementor-element-ea44cfd elementor-align-center elementor-widget elementor-widget-button\" data-id=\"ea44cfd\" data-element_type=\"widget\" data-e-type=\"widget\" data-widget_type=\"button.default\">\n\t\t\t\t\t\t\t\t\t\t<a class=\"elementor-button elementor-button-link elementor-size-lg elementor-animation-push\" href=\"https:\/\/www.cmhmedicinahospitalar.com.br\/novo\/contato\/\" target=\"_blank\">\n\t\t\t\t\t\t<span class=\"elementor-button-content-wrapper\">\n\t\t\t\t\t\t\t\t\t<span class=\"elementor-button-text\">Clique aqui<\/span>\n\t\t\t\t\t<\/span>\n\t\t\t\t\t<\/a>\n\t\t\t\t\t\t\t\t<\/div>\n\t\t\t\t\t<\/div>\n\t\t<\/div>\n\t\t\t\t\t<\/div>\n\t\t<\/section>\n\t\t\t\t<\/div>\n\t\t","protected":false},"excerpt":{"rendered":"<p>AMAP Empresa Brasileira de Telecomunica\u00e7\u00e3o\u00a0 Rua Esp\u00edrito Santo, 1000 \u2013 Centro, Belo Horizonte, MG Tel.&nbsp;2121 3226www.pame.com.br Consultas Acupuntura, Angiologia, Cirurgia Vascular, Anestesiologia, Cardiologia, Cirurgia Geral, Cirurgia Pl\u00e1stica, Cirurgia Vascular, Cl\u00ednica da Dor, Dermatologia, Geriatria, Oftalmologia, Ortopedia, Traumatologia, Pediatria, Proctologia e Urologia. Cirurgias Anestesiologia, Angiologia, Cirurgia da M\u00e3o, Cirurgia Geral, Cirurgia Pl\u00e1stica, Cirurgia Vascular, Cl\u00ednica da [&hellip;]<\/p>\n","protected":false},"author":4,"featured_media":0,"parent":0,"menu_order":0,"comment_status":"closed","ping_status":"closed","template":"page-templates\/template_page-builder.php","meta":{"footnotes":""},"class_list":["post-1083","page","type-page","status-publish","hentry"],"_links":{"self":[{"href":"https:\/\/cmhmedicinahospitalar.com.br\/novo\/wp-json\/wp\/v2\/pages\/1083","targetHints":{"allow":["GET"]}}],"collection":[{"href":"https:\/\/cmhmedicinahospitalar.com.br\/novo\/wp-json\/wp\/v2\/pages"}],"about":[{"href":"https:\/\/cmhmedicinahospitalar.com.br\/novo\/wp-json\/wp\/v2\/types\/page"}],"author":[{"embeddable":true,"href":"https:\/\/cmhmedicinahospitalar.com.br\/novo\/wp-json\/wp\/v2\/users\/4"}],"replies":[{"embeddable":true,"href":"https:\/\/cmhmedicinahospitalar.com.br\/novo\/wp-json\/wp\/v2\/comments?post=1083"}],"version-history":[{"count":10,"href":"https:\/\/cmhmedicinahospitalar.com.br\/novo\/wp-json\/wp\/v2\/pages\/1083\/revisions"}],"predecessor-version":[{"id":3987,"href":"https:\/\/cmhmedicinahospitalar.com.br\/novo\/wp-json\/wp\/v2\/pages\/1083\/revisions\/3987"}],"wp:attachment":[{"href":"https:\/\/cmhmedicinahospitalar.com.br\/novo\/wp-json\/wp\/v2\/media?parent=1083"}],"curies":[{"name":"wp","href":"https:\/\/api.w.org\/{rel}","templated":true}]}}