{"id":1071,"date":"2019-05-31T10:25:49","date_gmt":"2019-05-31T13:25:49","guid":{"rendered":"https:\/\/www.cmhmedicinahospitalar.com.br\/novo\/?page_id=1071"},"modified":"2023-05-31T09:43:22","modified_gmt":"2023-05-31T12:43:22","slug":"convenios-cnen","status":"publish","type":"page","link":"https:\/\/cmhmedicinahospitalar.com.br\/novo\/convenios-cnen\/","title":{"rendered":"Conv\u00eanios &#8211; CNEN"},"content":{"rendered":"\t\t<div data-elementor-type=\"wp-post\" data-elementor-id=\"1071\" class=\"elementor elementor-1071\" data-elementor-post-type=\"page\">\n\t\t\t\t\t\t<section class=\"elementor-section elementor-top-section elementor-element elementor-element-14ecdc7 elementor-section-boxed elementor-section-height-default elementor-section-height-default\" data-id=\"14ecdc7\" data-element_type=\"section\" data-e-type=\"section\" data-settings=\"{&quot;background_background&quot;:&quot;classic&quot;}\">\n\t\t\t\t\t\t\t<div class=\"elementor-background-overlay\"><\/div>\n\t\t\t\t\t\t\t<div class=\"elementor-container elementor-column-gap-default\">\n\t\t\t\t\t<div class=\"elementor-column elementor-col-100 elementor-top-column elementor-element elementor-element-38ce9a1\" data-id=\"38ce9a1\" data-element_type=\"column\" data-e-type=\"column\">\n\t\t\t<div class=\"elementor-widget-wrap elementor-element-populated\">\n\t\t\t\t\t\t<div class=\"elementor-element elementor-element-fb0c5da elementor-widget elementor-widget-heading\" data-id=\"fb0c5da\" data-element_type=\"widget\" data-e-type=\"widget\" data-widget_type=\"heading.default\">\n\t\t\t\t\t<h1 class=\"elementor-heading-title elementor-size-default\">CNEN<\/h1>\t\t\t\t<\/div>\n\t\t\t\t<div class=\"elementor-element elementor-element-5d362dc elementor-widget-divider--view-line elementor-widget elementor-widget-divider\" data-id=\"5d362dc\" data-element_type=\"widget\" data-e-type=\"widget\" data-widget_type=\"divider.default\">\n\t\t\t\t\t\t\t<div class=\"elementor-divider\">\n\t\t\t<span class=\"elementor-divider-separator\">\n\t\t\t\t\t\t<\/span>\n\t\t<\/div>\n\t\t\t\t\t\t<\/div>\n\t\t\t\t<div class=\"elementor-element elementor-element-86193a8 elementor-widget elementor-widget-text-editor\" data-id=\"86193a8\" data-element_type=\"widget\" data-e-type=\"widget\" data-widget_type=\"text-editor.default\">\n\t\t\t\t\t\t\t\t\t<p>Comiss\u00e3o Nacional de Energia Nuclear<\/p>\t\t\t\t\t\t\t\t<\/div>\n\t\t\t\t<div class=\"elementor-element elementor-element-0b87b28 elementor-widget elementor-widget-text-editor\" data-id=\"0b87b28\" data-element_type=\"widget\" data-e-type=\"widget\" data-widget_type=\"text-editor.default\">\n\t\t\t\t\t\t\t\t\tAvenida Presidente Ant\u00f4nio Carlos \u2013 Campus UFMG \u2013\u00a0Pampulha\u00a0\u2013\u00a0\u00a0Belo Horizonte, MG\nTel\u00a03069 3337\n<span style=\"color: #00afa0;\"><a style=\"color: #00afa0;\" href=\"https:\/\/planocnen.cdtn.br\/\" target=\"_blank\" rel=\"noopener\">http:\/planocnen.cdtn.br<\/a><\/span> <br>\n<br><h4><span style=\"color: #00afa0;\">Consultas<\/span><\/h4>\nAngiologia, Cirurgia Geral, Cirurgia Pl\u00e1stica, Cl\u00ednica da Dor, Dermatologia, Oftalmologia, Ortopedia, Traumatologia, Pediatria, Proctologia.<br>\n\n<br><h4><span style=\"color: #00afa0;\">Cirurgias<\/span><\/h4>\nAngiologia, Cirurgia Geral, Cirurgia Pl\u00e1stica, Cl\u00ednica da Dor, Dermatologia, Oftalmologia, Ortopedia, Proctologia e Traumatologia.<br>\n\n<br> <a href=\"https:\/\/cmhi.centraldemarcacao.com.br\/\"><button>Agende sua consulta online<\/button><\/a> <br>\n<br>\n\t\t\t\t\t\t\t\t<\/div>\n\t\t\t\t\t<\/div>\n\t\t<\/div>\n\t\t\t\t\t<\/div>\n\t\t<\/section>\n\t\t\t\t<section class=\"elementor-section elementor-top-section elementor-element elementor-element-5832e19 elementor-section-full_width elementor-section-height-default elementor-section-height-default\" data-id=\"5832e19\" data-element_type=\"section\" data-e-type=\"section\" data-settings=\"{&quot;background_background&quot;:&quot;classic&quot;}\">\n\t\t\t\t\t\t<div class=\"elementor-container elementor-column-gap-default\">\n\t\t\t\t\t<div class=\"elementor-column elementor-col-50 elementor-top-column elementor-element elementor-element-3706ffc\" data-id=\"3706ffc\" data-element_type=\"column\" data-e-type=\"column\">\n\t\t\t<div class=\"elementor-widget-wrap elementor-element-populated\">\n\t\t\t\t\t\t<div class=\"elementor-element elementor-element-4302885 elementor-widget elementor-widget-image\" data-id=\"4302885\" data-element_type=\"widget\" data-e-type=\"widget\" data-widget_type=\"image.default\">\n\t\t\t\t\t\t\t\t\t\t\t\t\t\t\t<img decoding=\"async\" src=\"https:\/\/cmhmedicinahospitalar.com.br\/novo\/wp-content\/uploads\/2021\/12\/Ativo-1.png\" title=\"Ativo 1\" alt=\"Ativo 1\" loading=\"lazy\" \/>\t\t\t\t\t\t\t\t\t\t\t\t\t\t\t<\/div>\n\t\t\t\t\t<\/div>\n\t\t<\/div>\n\t\t\t\t<div class=\"elementor-column elementor-col-50 elementor-top-column elementor-element elementor-element-9087afc\" data-id=\"9087afc\" data-element_type=\"column\" data-e-type=\"column\">\n\t\t\t<div class=\"elementor-widget-wrap elementor-element-populated\">\n\t\t\t\t\t\t<div class=\"elementor-element elementor-element-06fa65a elementor-widget elementor-widget-heading\" data-id=\"06fa65a\" data-element_type=\"widget\" data-e-type=\"widget\" data-widget_type=\"heading.default\">\n\t\t\t\t\t<h2 class=\"elementor-heading-title elementor-size-medium\">D\u00favidas? Entre em contato!<\/h2>\t\t\t\t<\/div>\n\t\t\t\t<div class=\"elementor-element elementor-element-38e4535 elementor-align-center elementor-widget elementor-widget-button\" data-id=\"38e4535\" data-element_type=\"widget\" data-e-type=\"widget\" data-widget_type=\"button.default\">\n\t\t\t\t\t\t\t\t\t\t<a class=\"elementor-button elementor-button-link elementor-size-lg elementor-animation-push\" href=\"https:\/\/www.cmhmedicinahospitalar.com.br\/novo\/contato\/\" target=\"_blank\">\n\t\t\t\t\t\t<span class=\"elementor-button-content-wrapper\">\n\t\t\t\t\t\t\t\t\t<span class=\"elementor-button-text\">Clique aqui<\/span>\n\t\t\t\t\t<\/span>\n\t\t\t\t\t<\/a>\n\t\t\t\t\t\t\t\t<\/div>\n\t\t\t\t\t<\/div>\n\t\t<\/div>\n\t\t\t\t\t<\/div>\n\t\t<\/section>\n\t\t\t\t<\/div>\n\t\t","protected":false},"excerpt":{"rendered":"<p>CNEN Comiss\u00e3o Nacional de Energia Nuclear Avenida Presidente Ant\u00f4nio Carlos \u2013 Campus UFMG \u2013\u00a0Pampulha\u00a0\u2013\u00a0\u00a0Belo Horizonte, MG Tel\u00a03069 3337 http:\/planocnen.cdtn.br Consultas Angiologia, Cirurgia Geral, Cirurgia Pl\u00e1stica, Cl\u00ednica da Dor, Dermatologia, Oftalmologia, Ortopedia, Traumatologia, Pediatria, Proctologia. Cirurgias Angiologia, Cirurgia Geral, Cirurgia Pl\u00e1stica, Cl\u00ednica da Dor, Dermatologia, Oftalmologia, Ortopedia, Proctologia e Traumatologia. Agende sua consulta online D\u00favidas? Entre [&hellip;]<\/p>\n","protected":false},"author":4,"featured_media":0,"parent":0,"menu_order":0,"comment_status":"closed","ping_status":"closed","template":"page-templates\/template_page-builder.php","meta":{"footnotes":""},"class_list":["post-1071","page","type-page","status-publish","hentry"],"_links":{"self":[{"href":"https:\/\/cmhmedicinahospitalar.com.br\/novo\/wp-json\/wp\/v2\/pages\/1071","targetHints":{"allow":["GET"]}}],"collection":[{"href":"https:\/\/cmhmedicinahospitalar.com.br\/novo\/wp-json\/wp\/v2\/pages"}],"about":[{"href":"https:\/\/cmhmedicinahospitalar.com.br\/novo\/wp-json\/wp\/v2\/types\/page"}],"author":[{"embeddable":true,"href":"https:\/\/cmhmedicinahospitalar.com.br\/novo\/wp-json\/wp\/v2\/users\/4"}],"replies":[{"embeddable":true,"href":"https:\/\/cmhmedicinahospitalar.com.br\/novo\/wp-json\/wp\/v2\/comments?post=1071"}],"version-history":[{"count":8,"href":"https:\/\/cmhmedicinahospitalar.com.br\/novo\/wp-json\/wp\/v2\/pages\/1071\/revisions"}],"predecessor-version":[{"id":3999,"href":"https:\/\/cmhmedicinahospitalar.com.br\/novo\/wp-json\/wp\/v2\/pages\/1071\/revisions\/3999"}],"wp:attachment":[{"href":"https:\/\/cmhmedicinahospitalar.com.br\/novo\/wp-json\/wp\/v2\/media?parent=1071"}],"curies":[{"name":"wp","href":"https:\/\/api.w.org\/{rel}","templated":true}]}}