{"id":1063,"date":"2019-05-31T10:14:32","date_gmt":"2019-05-31T13:14:32","guid":{"rendered":"https:\/\/www.cmhmedicinahospitalar.com.br\/novo\/?page_id=1063"},"modified":"2023-05-30T09:07:31","modified_gmt":"2023-05-30T12:07:31","slug":"convenios-banco-do-brasil-cassi","status":"publish","type":"page","link":"https:\/\/cmhmedicinahospitalar.com.br\/novo\/convenios-banco-do-brasil-cassi\/","title":{"rendered":"Conv\u00eanios &#8211; Banco do Brasil (cassi)"},"content":{"rendered":"\t\t<div data-elementor-type=\"wp-post\" data-elementor-id=\"1063\" class=\"elementor elementor-1063\" data-elementor-post-type=\"page\">\n\t\t\t\t\t\t<section class=\"elementor-section elementor-top-section elementor-element elementor-element-14ecdc7 elementor-section-boxed elementor-section-height-default elementor-section-height-default\" data-id=\"14ecdc7\" data-element_type=\"section\" data-e-type=\"section\" data-settings=\"{&quot;background_background&quot;:&quot;classic&quot;}\">\n\t\t\t\t\t\t\t<div class=\"elementor-background-overlay\"><\/div>\n\t\t\t\t\t\t\t<div class=\"elementor-container elementor-column-gap-default\">\n\t\t\t\t\t<div class=\"elementor-column elementor-col-100 elementor-top-column elementor-element elementor-element-38ce9a1\" data-id=\"38ce9a1\" data-element_type=\"column\" data-e-type=\"column\">\n\t\t\t<div class=\"elementor-widget-wrap elementor-element-populated\">\n\t\t\t\t\t\t<div class=\"elementor-element elementor-element-fb0c5da elementor-widget elementor-widget-heading\" data-id=\"fb0c5da\" data-element_type=\"widget\" data-e-type=\"widget\" data-widget_type=\"heading.default\">\n\t\t\t\t\t<h1 class=\"elementor-heading-title elementor-size-default\">Banco do brasil (Cassi)<\/h1>\t\t\t\t<\/div>\n\t\t\t\t<div class=\"elementor-element elementor-element-5d362dc elementor-widget-divider--view-line elementor-widget elementor-widget-divider\" data-id=\"5d362dc\" data-element_type=\"widget\" data-e-type=\"widget\" data-widget_type=\"divider.default\">\n\t\t\t\t\t\t\t<div class=\"elementor-divider\">\n\t\t\t<span class=\"elementor-divider-separator\">\n\t\t\t\t\t\t<\/span>\n\t\t<\/div>\n\t\t\t\t\t\t<\/div>\n\t\t\t\t<div class=\"elementor-element elementor-element-86193a8 elementor-widget elementor-widget-text-editor\" data-id=\"86193a8\" data-element_type=\"widget\" data-e-type=\"widget\" data-widget_type=\"text-editor.default\">\n\t\t\t\t\t\t\t\t\t<p>Caixa de assist\u00eancia dos funcion\u00e1rios do banco do brasil<\/p>\t\t\t\t\t\t\t\t<\/div>\n\t\t\t\t<div class=\"elementor-element elementor-element-0b87b28 elementor-widget elementor-widget-text-editor\" data-id=\"0b87b28\" data-element_type=\"widget\" data-e-type=\"widget\" data-widget_type=\"text-editor.default\">\n\t\t\t\t\t\t\t\t\tAv. Raja Gabaglia, 1093 \u2013 Luxemburgo,\u00a0Belo Horizonte,\u00a0MG\nTel. 3290 6800\n<span style=\"color: #00afa0;\"><a style=\"color: #00afa0;\" href=\"https:\/\/www.cassi.com.br\/\">www.cassi.com.br<\/a><\/span> <br>\n\n<br><h4><span style=\"color: #00afa0;\">Consultas<\/span><\/h4>\n<div>Anestesiologia, Angiologia, Cirurgia Geral, Cirurgia de m\u00e3o, Cirurgia Pl\u00e1stica, Dermatologia e Ortopedia.<\/div> <BR>\n<h4><span style=\"color: #00afa0;\">Cirurgias<\/span> <\/h4>Anestesiologia, Angiologia, Cirurgia Geral, Cirurgia de m\u00e3o, Cirurgia Pl\u00e1stica, Dermatologia e Ortopedia. <br>\n\n<br><a href=\"https:\/\/cmhi.centraldemarcacao.com.br\/\"><button>Agende sua consulta online<\/button><\/a> <br>\n<br>\t\t\t\t\t\t\t\t<\/div>\n\t\t\t\t\t<\/div>\n\t\t<\/div>\n\t\t\t\t\t<\/div>\n\t\t<\/section>\n\t\t\t\t<section class=\"elementor-section elementor-top-section elementor-element elementor-element-f8fc754 elementor-section-full_width elementor-section-height-default elementor-section-height-default\" data-id=\"f8fc754\" data-element_type=\"section\" data-e-type=\"section\" data-settings=\"{&quot;background_background&quot;:&quot;classic&quot;}\">\n\t\t\t\t\t\t<div class=\"elementor-container elementor-column-gap-default\">\n\t\t\t\t\t<div class=\"elementor-column elementor-col-50 elementor-top-column elementor-element elementor-element-f719bbd\" data-id=\"f719bbd\" data-element_type=\"column\" data-e-type=\"column\">\n\t\t\t<div class=\"elementor-widget-wrap elementor-element-populated\">\n\t\t\t\t\t\t<div class=\"elementor-element elementor-element-87f5bd1 elementor-widget elementor-widget-image\" data-id=\"87f5bd1\" data-element_type=\"widget\" data-e-type=\"widget\" data-widget_type=\"image.default\">\n\t\t\t\t\t\t\t\t\t\t\t\t\t\t\t<img decoding=\"async\" src=\"https:\/\/cmhmedicinahospitalar.com.br\/novo\/wp-content\/uploads\/2021\/12\/Ativo-1.png\" title=\"Ativo 1\" alt=\"Ativo 1\" loading=\"lazy\" \/>\t\t\t\t\t\t\t\t\t\t\t\t\t\t\t<\/div>\n\t\t\t\t\t<\/div>\n\t\t<\/div>\n\t\t\t\t<div class=\"elementor-column elementor-col-50 elementor-top-column elementor-element elementor-element-fd3e551\" data-id=\"fd3e551\" data-element_type=\"column\" data-e-type=\"column\">\n\t\t\t<div class=\"elementor-widget-wrap elementor-element-populated\">\n\t\t\t\t\t\t<div class=\"elementor-element elementor-element-43a1d47 elementor-widget elementor-widget-heading\" data-id=\"43a1d47\" data-element_type=\"widget\" data-e-type=\"widget\" data-widget_type=\"heading.default\">\n\t\t\t\t\t<h2 class=\"elementor-heading-title elementor-size-medium\">D\u00favidas? Entre em contato!<\/h2>\t\t\t\t<\/div>\n\t\t\t\t<div class=\"elementor-element elementor-element-78bf038 elementor-align-center elementor-widget elementor-widget-button\" data-id=\"78bf038\" data-element_type=\"widget\" data-e-type=\"widget\" data-widget_type=\"button.default\">\n\t\t\t\t\t\t\t\t\t\t<a class=\"elementor-button elementor-button-link elementor-size-lg elementor-animation-push\" href=\"https:\/\/www.cmhmedicinahospitalar.com.br\/novo\/contato\/\" target=\"_blank\">\n\t\t\t\t\t\t<span class=\"elementor-button-content-wrapper\">\n\t\t\t\t\t\t\t\t\t<span class=\"elementor-button-text\">Clique aqui<\/span>\n\t\t\t\t\t<\/span>\n\t\t\t\t\t<\/a>\n\t\t\t\t\t\t\t\t<\/div>\n\t\t\t\t\t<\/div>\n\t\t<\/div>\n\t\t\t\t\t<\/div>\n\t\t<\/section>\n\t\t\t\t<\/div>\n\t\t","protected":false},"excerpt":{"rendered":"<p>Banco do brasil (Cassi) Caixa de assist\u00eancia dos funcion\u00e1rios do banco do brasil Av. Raja Gabaglia, 1093 \u2013 Luxemburgo,\u00a0Belo Horizonte,\u00a0MG Tel. 3290 6800 www.cassi.com.br Consultas Anestesiologia, Angiologia, Cirurgia Geral, Cirurgia de m\u00e3o, Cirurgia Pl\u00e1stica, Dermatologia e Ortopedia. Cirurgias Anestesiologia, Angiologia, Cirurgia Geral, Cirurgia de m\u00e3o, Cirurgia Pl\u00e1stica, Dermatologia e Ortopedia. Agende sua consulta online D\u00favidas? [&hellip;]<\/p>\n","protected":false},"author":4,"featured_media":0,"parent":0,"menu_order":0,"comment_status":"closed","ping_status":"closed","template":"page-templates\/template_page-builder.php","meta":{"footnotes":""},"class_list":["post-1063","page","type-page","status-publish","hentry"],"_links":{"self":[{"href":"https:\/\/cmhmedicinahospitalar.com.br\/novo\/wp-json\/wp\/v2\/pages\/1063","targetHints":{"allow":["GET"]}}],"collection":[{"href":"https:\/\/cmhmedicinahospitalar.com.br\/novo\/wp-json\/wp\/v2\/pages"}],"about":[{"href":"https:\/\/cmhmedicinahospitalar.com.br\/novo\/wp-json\/wp\/v2\/types\/page"}],"author":[{"embeddable":true,"href":"https:\/\/cmhmedicinahospitalar.com.br\/novo\/wp-json\/wp\/v2\/users\/4"}],"replies":[{"embeddable":true,"href":"https:\/\/cmhmedicinahospitalar.com.br\/novo\/wp-json\/wp\/v2\/comments?post=1063"}],"version-history":[{"count":10,"href":"https:\/\/cmhmedicinahospitalar.com.br\/novo\/wp-json\/wp\/v2\/pages\/1063\/revisions"}],"predecessor-version":[{"id":3994,"href":"https:\/\/cmhmedicinahospitalar.com.br\/novo\/wp-json\/wp\/v2\/pages\/1063\/revisions\/3994"}],"wp:attachment":[{"href":"https:\/\/cmhmedicinahospitalar.com.br\/novo\/wp-json\/wp\/v2\/media?parent=1063"}],"curies":[{"name":"wp","href":"https:\/\/api.w.org\/{rel}","templated":true}]}}